{"id":631,"date":"2019-03-23T22:02:08","date_gmt":"2019-03-23T20:02:08","guid":{"rendered":"http:\/\/www.fahrnerandfahrner.com\/?page_id=631"},"modified":"2019-03-23T22:03:00","modified_gmt":"2019-03-23T20:03:00","slug":"impressum","status":"publish","type":"page","link":"http:\/\/www.fahrnerandfahrner.com\/?page_id=631","title":{"rendered":"Impressum"},"content":{"rendered":"<h4>Impressum<\/h4>\n<p>Barbara Fahrner<br \/>\nBergerstrasse 278<br \/>\n60385 Frankfurt a. Main<br \/>\nTelefon: 069 584777<br \/>\nE-Mail: barbarafahrner@fahrnerandfahrner.com<br \/>\nWebsite-Gestaltung:<br \/>\nMarkus Fahrner, Port Moody, Kanada,\u00a0<a href=\"http:\/\/www.fahrnerdesignworks.com\">www.fahrnerdesignworks.com<\/a><\/p>\n<h4>Haftungsausschluss<\/h4>\n<p>Wir \u00fcberpr\u00fcfen und aktualisieren die Informationen dieser Webseiten sorgf\u00e4ltig und kontinuierlich. Dennoch k\u00f6nnen wir f\u00fcr die Aktualit\u00e4t der Inhalte, die Richtigkeit der Angaben und die Vollst\u00e4ndigkeit der Informationen keine Verantwortung \u00fcbernehmen. Gleiches gilt auch f\u00fcr alle anderen Webseiten, auf die mittels Hyperlinks verwiesen wird. Barbara Fahrner ist f\u00fcr den Inhalt der Webseiten, die aufgrund einer solchen Verbindung erreicht werden, nicht verantwortlich. Ebenso \u00fcbernehmen wir keine Gew\u00e4hr oder Haftung f\u00fcr eventuell rechtswidrige Inhalte oder sonstige Rechtsverletzungen auf Websites fremder Anbieter. Die Benutzung dieser Website und das Herunterladen von Daten erfolgt auf eigene Gefahr. Barbara Fahrner \u00fcbernimmt keine Verantwortung f\u00fcr hieraus entstehende Sch\u00e4den, insbesondere an Datenbest\u00e4nden sowie an Hardware und Software des Benutzers.<\/p>\n<h4>Urheberrecht<\/h4>\n<p>Inhalt und Struktur dieser Webseiten sind Eigentum von Barbara Fahrner. Alle Texte, Bilder, Grafiken und Animationselemente unterliegen dem Urheberrecht und anderen Gesetzen zum Schutz geistigen Eigentums und d\u00fcrfen ohne unsere vorherige schriftliche Genehmigung nicht f\u00fcr \u00f6ffentliche und gewerbliche Zwecke kopiert, ver\u00e4ndert, \u00fcbertragen, wiederverwendet, neu bereitgestellt oder verwertet werden.<\/p>\n<p>Copyright 2019\u00a0Barbara Fahrner, Frankfurt am Main<\/p>\n","protected":false},"excerpt":{"rendered":"<a href=\"http:\/\/www.fahrnerandfahrner.com\/?page_id=631\"><img width=\"150\" height=\"150\" src=\"http:\/\/www.fahrnerandfahrner.com\/wp-content\/plugins\/thumbnail-for-excerpts\/tfe_no_thumb.png\" class=\"alignleft wp-post-image tfe\" alt=\"\" title=\"\" \/><\/a><p>Impressum Barbara Fahrner Bergerstrasse 278 60385 Frankfurt a. Main Telefon: 069 584777 E-Mail: barbarafahrner@fahrnerandfahrner.com Website-Gestaltung: Markus Fahrner, Port Moody, Kanada,\u00a0www.fahrnerdesignworks.com Haftungsausschluss Wir \u00fcberpr\u00fcfen und aktualisieren die Informationen dieser Webseiten sorgf\u00e4ltig und kontinuierlich. Dennoch k\u00f6nnen wir f\u00fcr die Aktualit\u00e4t der Inhalte, die Richtigkeit der Angaben und die Vollst\u00e4ndigkeit der Informationen keine Verantwortung \u00fcbernehmen. Gleiches gilt auch &hellip; <\/p>\n<p class=\"link-more\"><a href=\"http:\/\/www.fahrnerandfahrner.com\/?page_id=631\" class=\"more-link\">Continue reading<span class=\"screen-reader-text\"> &#8220;Impressum&#8221;<\/span><\/a><\/p>\n","protected":false},"author":1,"featured_media":0,"parent":0,"menu_order":0,"comment_status":"closed","ping_status":"closed","template":"","meta":[],"_links":{"self":[{"href":"http:\/\/www.fahrnerandfahrner.com\/index.php?rest_route=\/wp\/v2\/pages\/631"}],"collection":[{"href":"http:\/\/www.fahrnerandfahrner.com\/index.php?rest_route=\/wp\/v2\/pages"}],"about":[{"href":"http:\/\/www.fahrnerandfahrner.com\/index.php?rest_route=\/wp\/v2\/types\/page"}],"author":[{"embeddable":true,"href":"http:\/\/www.fahrnerandfahrner.com\/index.php?rest_route=\/wp\/v2\/users\/1"}],"replies":[{"embeddable":true,"href":"http:\/\/www.fahrnerandfahrner.com\/index.php?rest_route=%2Fwp%2Fv2%2Fcomments&post=631"}],"version-history":[{"count":2,"href":"http:\/\/www.fahrnerandfahrner.com\/index.php?rest_route=\/wp\/v2\/pages\/631\/revisions"}],"predecessor-version":[{"id":633,"href":"http:\/\/www.fahrnerandfahrner.com\/index.php?rest_route=\/wp\/v2\/pages\/631\/revisions\/633"}],"wp:attachment":[{"href":"http:\/\/www.fahrnerandfahrner.com\/index.php?rest_route=%2Fwp%2Fv2%2Fmedia&parent=631"}],"curies":[{"name":"wp","href":"https:\/\/api.w.org\/{rel}","templated":true}]}}